{"id":2,"date":"2024-03-20T12:18:35","date_gmt":"2024-03-20T12:18:35","guid":{"rendered":"https:\/\/blog.wellkauf.com\/?page_id=2"},"modified":"2025-10-22T09:24:01","modified_gmt":"2025-10-22T09:24:01","slug":"help-center","status":"publish","type":"page","link":"https:\/\/blog.wellkauf.com\/de\/","title":{"rendered":"FAQ"},"content":{"rendered":"<div class=\"rounded-3xl bg-[#f5f5f5] px-8 py-4 mb-4 dark:bg-[#2A2F38] font-semibold\"><ol class=\"mb-0 list-inside list-decimal\"><li class=\"text-black dark:text-white\"><a class=\"text-brightTurquoise hover:text-curiousBlue no-underline\" href=\"\/de\/category-account\/\">Kategorie: \u201eKonto\u201c<\/a><\/li><li class=\"text-black dark:text-white\"><a class=\"text-brightTurquoise hover:text-curiousBlue no-underline\" href=\"\/de\/category-ad-placement\/\">Kategorie: \"Ver\u00f6ffentlichung erstellen\" <\/a><\/li><li class=\"text-black dark:text-white\"><a class=\"text-brightTurquoise hover:text-curiousBlue no-underline\" href=\"\/de\/category-safety-and-rules\/\">Kategorie \u201eSicherheit und Regeln\u201c<\/a><\/li><li class=\"text-black dark:text-white\"><a class=\"text-brightTurquoise hover:text-curiousBlue no-underline\" href=\"\/de\/category-payment-and-promotions\/\">Kategorie \u201eZahlung und Promotionen\u201c<\/a><\/li>\n<li class=\"text-black dark:text-white\"><a class=\"text-brightTurquoise hover:text-curiousBlue no-underline\" href=\"\/de\/category-support\/\">Kategorie \u201eSupport\u201c<\/a><\/li><\/ol><\/div>\n\n\n\n<h2 class=\"wp-block-heading my-4 !text-4xl text-black font-bold dark:text-white text-center md:text-left break-all\" style=\"font-size: 2.25rem !important; line-height: 2.5rem !important; margin-bottom: 2rem !important; margin-top: 2rem !important;\">N\u00fctzliche Artikel<\/h2>\n\n\n\n<div class=\"rounded-3xl bg-[#f5f5f5] px-8 py-4 mb-4 dark:bg-[#2A2F38] font-semibold\">\n    <ol class=\"mb-0 list-inside list-decimal\">\n        <li class=\"text-black dark:text-white\"><a class=\"text-brightTurquoise hover:text-curiousBlue no-underline\" href=\"https:\/\/blog.wellkauf.com\/de\/so-vermeidet.man-marktplatz-betrug\/\">Die Betr\u00fcger auf den Online-Marktpl\u00e4tzen: Wie man sie erkennt und sich sch\u00fctzt<\/a><\/li>\n        <li class=\"text-black dark:text-white\"><a class=\"text-brightTurquoise hover:text-curiousBlue no-underline\" href=\"https:\/\/blog.wellkauf.com\/de\/so-erhalten-sie-mehr-aufrufe-und-verkaufen-schneller-erprobte-tipps-fur-verkaufer-auf-wellkauf\/\">So erhalten Sie mehr Aufrufe und verkaufen schneller: erprobte Tipps f\u00fcr Verk\u00e4ufer auf Wellkauf<\/a><\/li>\n        <li class=\"text-black dark:text-white\"><a class=\"text-brightTurquoise hover:text-curiousBlue no-underline\" href=\"https:\/\/blog.wellkauf.com\/de\/wie-man-wellkauf-nutzt\/\">Wellkauf \u2013 Der einfache Weg online zu kaufen und zu verkaufen<\/a><\/li>\n        <li class=\"text-black dark:text-white\"><a class=\"text-brightTurquoise hover:text-curiousBlue no-underline\" href=\"https:\/\/blog.wellkauf.com\/de\/10-fehler-von-verkaufern-auf-wellkauf-und-wie-man-sie-vermeidet\/\">10 Fehler von Verk\u00e4ufern auf Wellkauf \u2013 und wie man sie vermeidet<\/a><\/li>\n        <li class=\"text-black dark:text-white\"><a class=\"text-brightTurquoise hover:text-curiousBlue no-underline\" href=\"https:\/\/blog.wellkauf.com\/de\/account-deletion-on-wellkauf\/\">Kontol\u00f6schung auf Wellkauf<\/a><\/li>\n    <\/ol>\n<\/div>","protected":false},"excerpt":{"rendered":"<p>Category: \u201cAccount\u201d Category \u201cPublication Placement\u201d Category \u201cSafety and Rules\u201d Category \u201cPayment and Promotions\u201d Category \u201cSupport\u201d Useful Articles The Scammers on Online Marketplaces: How to Recognize Them and Protect Yourself How to Get More Views and Sell Faster: Proven Tips for Wellkauf Sellers Wellkauf \u2013 The Simple Way to Buy and Sell Online 10 Mistakes Sellers [&hellip;]<\/p>","protected":false},"author":1,"featured_media":0,"parent":0,"menu_order":0,"comment_status":"closed","ping_status":"open","template":"","meta":{"footnotes":""},"class_list":["post-2","page","type-page","status-publish","hentry"],"yoast_head":"<!-- This site is optimized with the Yoast SEO plugin v24.5 - https:\/\/yoast.com\/wordpress\/plugins\/seo\/ -->\n<title>Wellkauf Hilfe-Center<\/title>\n<meta name=\"description\" content=\"Finden Sie Antworten im Wellkauf-FAQ \u2013 von der Kontoerstellung \u00fcber Kleinanzeigen, Zahlungen und Sicherheit. Schnelle, klare Hilfe f\u00fcr K\u00e4ufer und Verk\u00e4ufer.\" \/>\n<meta name=\"robots\" content=\"index, follow, max-snippet:-1, max-image-preview:large, max-video-preview:-1\" \/>\n<link rel=\"canonical\" href=\"https:\/\/blog.wellkauf.com\/de\/\" \/>\n<meta property=\"og:locale\" content=\"de_DE\" \/>\n<meta property=\"og:type\" content=\"article\" \/>\n<meta property=\"og:title\" content=\"Wellkauf Hilfe-Center\" \/>\n<meta property=\"og:description\" content=\"Finden Sie Antworten im Wellkauf-FAQ \u2013 von der Kontoerstellung \u00fcber Kleinanzeigen, Zahlungen und Sicherheit. Schnelle, klare Hilfe f\u00fcr K\u00e4ufer und Verk\u00e4ufer.\" \/>\n<meta property=\"og:url\" content=\"https:\/\/blog.wellkauf.com\/de\/\" \/>\n<meta property=\"og:site_name\" content=\"Wellkauf Hilfe-Center\" \/>\n<meta property=\"article:modified_time\" content=\"2025-10-22T09:24:01+00:00\" \/>\n<meta name=\"twitter:card\" content=\"summary_large_image\" \/>\n<meta name=\"twitter:label1\" content=\"Est. reading time\" \/>\n\t<meta name=\"twitter:data1\" content=\"1 Minute\" \/>\n<script type=\"application\/ld+json\" class=\"yoast-schema-graph\">{\"@context\":\"https:\/\/schema.org\",\"@graph\":[{\"@type\":\"WebPage\",\"@id\":\"https:\/\/blog.wellkauf.com\/\",\"url\":\"https:\/\/blog.wellkauf.com\/\",\"name\":\"Wellkauf Hilfe-Center\",\"isPartOf\":{\"@id\":\"https:\/\/blog.wellkauf.com\/#website\"},\"datePublished\":\"2024-03-20T12:18:35+00:00\",\"dateModified\":\"2025-10-22T09:24:01+00:00\",\"description\":\"Finden Sie Antworten im Wellkauf-FAQ \u2013 von der Kontoerstellung \u00fcber Kleinanzeigen, Zahlungen und Sicherheit. Schnelle, klare Hilfe f\u00fcr K\u00e4ufer und Verk\u00e4ufer.\",\"breadcrumb\":{\"@id\":\"https:\/\/blog.wellkauf.com\/#breadcrumb\"},\"inLanguage\":\"de-DE\",\"potentialAction\":[{\"@type\":\"ReadAction\",\"target\":[\"https:\/\/blog.wellkauf.com\/\"]}]},{\"@type\":\"BreadcrumbList\",\"@id\":\"https:\/\/blog.wellkauf.com\/#breadcrumb\",\"itemListElement\":[{\"@type\":\"ListItem\",\"position\":1,\"name\":\"Home\",\"item\":\"https:\/\/blog.wellkauf.com\/\"},{\"@type\":\"ListItem\",\"position\":2,\"name\":\"FAQ\"}]},{\"@type\":\"WebSite\",\"@id\":\"https:\/\/blog.wellkauf.com\/#website\",\"url\":\"https:\/\/blog.wellkauf.com\/\",\"name\":\"Wellkauf Hilfe-Center\",\"description\":\"\",\"potentialAction\":[{\"@type\":\"SearchAction\",\"target\":{\"@type\":\"EntryPoint\",\"urlTemplate\":\"https:\/\/blog.wellkauf.com\/?s={search_term_string}\"},\"query-input\":{\"@type\":\"PropertyValueSpecification\",\"valueRequired\":true,\"valueName\":\"search_term_string\"}}],\"inLanguage\":\"de-DE\"}]}<\/script>\n<!-- \/ Yoast SEO plugin. -->","yoast_head_json":{"title":"Wellkauf Hilfe-Center","description":"Finden Sie Antworten im Wellkauf-FAQ \u2013 von der Kontoerstellung \u00fcber Kleinanzeigen, Zahlungen und Sicherheit. Schnelle, klare Hilfe f\u00fcr K\u00e4ufer und Verk\u00e4ufer.","robots":{"index":"index","follow":"follow","max-snippet":"max-snippet:-1","max-image-preview":"max-image-preview:large","max-video-preview":"max-video-preview:-1"},"canonical":"https:\/\/blog.wellkauf.com\/de\/","og_locale":"de_DE","og_type":"article","og_title":"Wellkauf Hilfe-Center","og_description":"Finden Sie Antworten im Wellkauf-FAQ \u2013 von der Kontoerstellung \u00fcber Kleinanzeigen, Zahlungen und Sicherheit. Schnelle, klare Hilfe f\u00fcr K\u00e4ufer und Verk\u00e4ufer.","og_url":"https:\/\/blog.wellkauf.com\/de\/","og_site_name":"Wellkauf Hilfe-Center","article_modified_time":"2025-10-22T09:24:01+00:00","twitter_card":"summary_large_image","twitter_misc":{"Est. reading time":"1 Minute"},"schema":{"@context":"https:\/\/schema.org","@graph":[{"@type":"WebPage","@id":"https:\/\/blog.wellkauf.com\/","url":"https:\/\/blog.wellkauf.com\/","name":"Wellkauf Hilfe-Center","isPartOf":{"@id":"https:\/\/blog.wellkauf.com\/#website"},"datePublished":"2024-03-20T12:18:35+00:00","dateModified":"2025-10-22T09:24:01+00:00","description":"Finden Sie Antworten im Wellkauf-FAQ \u2013 von der Kontoerstellung \u00fcber Kleinanzeigen, Zahlungen und Sicherheit. Schnelle, klare Hilfe f\u00fcr K\u00e4ufer und Verk\u00e4ufer.","breadcrumb":{"@id":"https:\/\/blog.wellkauf.com\/#breadcrumb"},"inLanguage":"de-DE","potentialAction":[{"@type":"ReadAction","target":["https:\/\/blog.wellkauf.com\/"]}]},{"@type":"BreadcrumbList","@id":"https:\/\/blog.wellkauf.com\/#breadcrumb","itemListElement":[{"@type":"ListItem","position":1,"name":"Home","item":"https:\/\/blog.wellkauf.com\/"},{"@type":"ListItem","position":2,"name":"FAQ"}]},{"@type":"WebSite","@id":"https:\/\/blog.wellkauf.com\/#website","url":"https:\/\/blog.wellkauf.com\/","name":"Wellkauf Hilfe-Center","description":"","potentialAction":[{"@type":"SearchAction","target":{"@type":"EntryPoint","urlTemplate":"https:\/\/blog.wellkauf.com\/?s={search_term_string}"},"query-input":{"@type":"PropertyValueSpecification","valueRequired":true,"valueName":"search_term_string"}}],"inLanguage":"de-DE"}]}},"_links":{"self":[{"href":"https:\/\/blog.wellkauf.com\/de\/wp-json\/wp\/v2\/pages\/2","targetHints":{"allow":["GET"]}}],"collection":[{"href":"https:\/\/blog.wellkauf.com\/de\/wp-json\/wp\/v2\/pages"}],"about":[{"href":"https:\/\/blog.wellkauf.com\/de\/wp-json\/wp\/v2\/types\/page"}],"author":[{"embeddable":true,"href":"https:\/\/blog.wellkauf.com\/de\/wp-json\/wp\/v2\/users\/1"}],"replies":[{"embeddable":true,"href":"https:\/\/blog.wellkauf.com\/de\/wp-json\/wp\/v2\/comments?post=2"}],"version-history":[{"count":39,"href":"https:\/\/blog.wellkauf.com\/de\/wp-json\/wp\/v2\/pages\/2\/revisions"}],"predecessor-version":[{"id":297,"href":"https:\/\/blog.wellkauf.com\/de\/wp-json\/wp\/v2\/pages\/2\/revisions\/297"}],"wp:attachment":[{"href":"https:\/\/blog.wellkauf.com\/de\/wp-json\/wp\/v2\/media?parent=2"}],"curies":[{"name":"wp","href":"https:\/\/api.w.org\/{rel}","templated":true}]}}