{"id":50,"date":"2024-10-07T08:08:54","date_gmt":"2024-10-07T08:08:54","guid":{"rendered":"https:\/\/blog.wellkauf.com\/?page_id=50"},"modified":"2025-07-02T07:53:15","modified_gmt":"2025-07-02T07:53:15","slug":"category-ad-placement","status":"publish","type":"page","link":"https:\/\/blog.wellkauf.com\/de\/category-ad-placement\/","title":{"rendered":"Kategorie: \"Ver\u00f6ffentlichung erstellen\""},"content":{"rendered":"<style>\r\n\t\t\t\t<style>\r\n#wpsm_accordion_31 .wpsm_panel-heading{\r\n\tpadding:0px !important;\r\n}\r\n#wpsm_accordion_31 .wpsm_panel-title {\r\n\tmargin:0px !important; \r\n\ttext-transform:none !important;\r\n\tline-height: 1 !important;\r\n}\r\n#wpsm_accordion_31 .wpsm_panel-title a{\r\n\ttext-decoration:none;\r\n\toverflow:hidden;\r\n\tdisplay:block;\r\n\tpadding:0px;\r\n\tfont-size: 18px !important;\r\n\tfont-family: Open Sans !important;\r\n\tcolor:#ffffff !important;\r\n\tborder-bottom:0px !important;\r\n}\r\n\r\n#wpsm_accordion_31 .wpsm_panel-title a:focus {\r\noutline: 0px !important;\r\n}\r\n\r\n#wpsm_accordion_31 .wpsm_panel-title a:hover, #wpsm_accordion_31 .wpsm_panel-title a:focus {\r\n\tcolor:#ffffff !important;\r\n}\r\n#wpsm_accordion_31 .acc-a{\r\n\tcolor: #ffffff !important;\r\n\tbackground-color:#548dd4 !important;\r\n\tborder-color: #ddd;\r\n}\r\n#wpsm_accordion_31 .wpsm_panel-default > .wpsm_panel-heading{\r\n\tcolor: #ffffff !important;\r\n\tbackground-color: #548dd4 !important;\r\n\tborder-color: #548dd4 !important;\r\n\tborder-top-left-radius: 0px;\r\n\tborder-top-right-radius: 0px;\r\n}\r\n#wpsm_accordion_31 .wpsm_panel-default {\r\n\t\tborder:1px solid transparent !important;\r\n\t}\r\n#wpsm_accordion_31 {\r\n\tmargin-bottom: 20px;\r\n\toverflow: hidden;\r\n\tfloat: none;\r\n\twidth: 100%;\r\n\tdisplay: block;\r\n}\r\n#wpsm_accordion_31 .ac_title_class{\r\n\tdisplay: block;\r\n\tpadding-top: 12px;\r\n\tpadding-bottom: 12px;\r\n\tpadding-left: 15px;\r\n\tpadding-right: 15px;\r\n}\r\n#wpsm_accordion_31  .wpsm_panel {\r\n\toverflow:hidden;\r\n\t-webkit-box-shadow: 0 0px 0px rgba(0, 0, 0, .05);\r\n\tbox-shadow: 0 0px 0px rgba(0, 0, 0, .05);\r\n\t\tborder-radius: 4px;\r\n\t}\r\n#wpsm_accordion_31  .wpsm_panel + .wpsm_panel {\r\n\t\tmargin-top: 5px;\r\n\t}\r\n#wpsm_accordion_31  .wpsm_panel-body{\r\n\tbackground-color:transparent !important;\r\n\tcolor:inherit !important;\r\n\tborder-top-color: #548dd4 !important;\r\n\tfont-size:16px !important;\r\n\tfont-family: Open Sans !important;\r\n\toverflow: hidden;\r\n\t\tborder: 2px solid #548dd4 !important;\r\n\t}\r\n\r\n#wpsm_accordion_31 .ac_open_cl_icon{\r\n\tbackground-color:#548dd4 !important;\r\n\tcolor: #ffffff !important;\r\n\tfloat:right !important;\r\n\tpadding-top: 12px !important;\r\n\tpadding-bottom: 12px !important;\r\n\tline-height: 1.0 !important;\r\n\tpadding-left: 15px !important;\r\n\tpadding-right: 15px !important;\r\n\tdisplay: inline-block !important;\r\n}\r\n\r\n\t\t\t\r\n\t\t\t<\/style>\t\r\n\t\t\t<\/style>\r\n\t\t\t<div class=\"wpsm_panel-group\" id=\"wpsm_accordion_31\" >\r\n\t\t\t\t\t\t\t\t\r\n\t\t\t\t\t<!-- Inner panel Start -->\r\n\t\t\t\t\t<div class=\"wpsm_panel wpsm_panel-default\">\r\n\t\t\t\t\t\t<div class=\"wpsm_panel-heading\" role=\"tab\" >\r\n\t\t\t\t\t\t  <h4 class=\"wpsm_panel-title\">\r\n\t\t\t\t\t\t\t<a  class=\"\"  data-toggle=\"collapse\" data-parent=\"\" href=\"javascript:void(0)\" data-target=\"#ac_31_collapse1\" onclick=\"do_resize()\">\r\n\t\t\t\t\t\t\t\t\t\t\t\t\t\t\t\t\t<span class=\"ac_open_cl_icon fa fa-minus\"><\/span>\r\n\t\t\t\t\t\t\t\t\t\r\n\t\t\t\t\t\t\t\t \r\n\t\t\t\t\t\t\t\t<span class=\"ac_title_class\">\r\n\t\t\t\t\t\t\t\t\t1. Wie erstelle ich eine Ver\u00f6ffentlichung?\t\t\t\t\t\t\t\t<\/span>\r\n\t\t\t\t\t\t\t<\/a>\r\n\t\t\t\t\t\t  <\/h4>\r\n\t\t\t\t\t\t<\/div>\r\n\t\t\t\t\t\t<div id=\"ac_31_collapse1\" class=\"wpsm_panel-collapse collapse in\"  >\r\n\t\t\t\t\t\t  <div class=\"wpsm_panel-body\">\r\n\t\t\t\t\t\t\tUm eine Ver\u00f6ffentlichung zu erstellen, m\u00fcssen Sie ein registrierter und angemeldeter Nutzer sein. Klicken Sie anschlie\u00dfend auf <a href=\"https:\/\/wellkauf.com\/de\/publication\/create\" target=\"_blank\" rel=\"noopener\">die Schaltfl\u00e4che \u201eAnzeige erstellen\u201c<\/a>. Danach folgen Sie mehreren Schritten:\nW\u00e4hlen Sie die passende Kategorie und Unterkategorie, geben Sie einen Titel ein, f\u00fcllen Sie gegebenenfalls Filter aus, legen Sie den Preis fest und f\u00fcgen Sie eine Beschreibung hinzu.\nSie k\u00f6nnen au\u00dferdem Fotos hochladen \u2013 was wir ausdr\u00fccklich empfehlen, da Ver\u00f6ffentlichungen mit Bildern deutlich mehr Aufmerksamkeit erhalten.\n\nZur Unterst\u00fctzung k\u00f6nnen Sie auch k\u00fcnstliche Intelligenz nutzen, um automatisch eine passende Beschreibung f\u00fcr Ihr Angebot zu generieren \u2013 das macht die Erstellung noch einfacher.\n\nIm Verlauf der Erstellung w\u00e4hlen Sie eine Kontaktmethode, \u00fcber die potenzielle K\u00e4ufer Sie erreichen k\u00f6nnen. Sie k\u00f6nnen eine der beiden Methoden deaktivieren \u2013 jedoch nicht beide gleichzeitig.\nWenn Sie \u201eMobiltelefon\u201c ausw\u00e4hlen, sehen andere Nutzer Ihre Telefonnummer und k\u00f6nnen Sie direkt anrufen. W\u00e4hlen Sie \u201eNachrichten\u201c, erfolgt die Kommunikation \u00fcber das Wellkauf-Nachrichtensystem.\n\nSie haben au\u00dferdem die M\u00f6glichkeit, Ihre genaue Adresse zu verbergen, sodass Interessenten nur die ungef\u00e4hre Position auf der Karte sehen. Aktivieren Sie hierf\u00fcr die Option \u201eStandort verwischen\u201c.\n\nUm den Verkauf zu beschleunigen, k\u00f6nnen Sie kostenpflichtige Werbeoptionen nutzen. Nach erfolgreicher Moderation erscheint Ihre Ver\u00f6ffentlichung auf der Startseite im Suchbereich.\t\t\t\t\t\t  <\/div>\r\n\t\t\t\t\t\t<\/div>\r\n\t\t\t\t\t<\/div>\r\n\t\t\t\t\t<!-- Inner panel End -->\r\n\t\t\t\t\t\r\n\t\t\t\t\t\t\t\t\r\n\t\t\t\t\t<!-- Inner panel Start -->\r\n\t\t\t\t\t<div class=\"wpsm_panel wpsm_panel-default\">\r\n\t\t\t\t\t\t<div class=\"wpsm_panel-heading\" role=\"tab\" >\r\n\t\t\t\t\t\t  <h4 class=\"wpsm_panel-title\">\r\n\t\t\t\t\t\t\t<a  class=\"collapsed\"  data-toggle=\"collapse\" data-parent=\"\" href=\"javascript:void(0)\" data-target=\"#ac_31_collapse2\" onclick=\"do_resize()\">\r\n\t\t\t\t\t\t\t\t\t\t\t\t\t\t\t\t\t<span class=\"ac_open_cl_icon fa fa-plus\"><\/span>\r\n\t\t\t\t\t\t\t\t\t\r\n\t\t\t\t\t\t\t\t \r\n\t\t\t\t\t\t\t\t<span class=\"ac_title_class\">\r\n\t\t\t\t\t\t\t\t\t2. Wie lange dauert es, bis meine Ver\u00f6ffentlichung online ist?\t\t\t\t\t\t\t\t<\/span>\r\n\t\t\t\t\t\t\t<\/a>\r\n\t\t\t\t\t\t  <\/h4>\r\n\t\t\t\t\t\t<\/div>\r\n\t\t\t\t\t\t<div id=\"ac_31_collapse2\" class=\"wpsm_panel-collapse collapse\"  >\r\n\t\t\t\t\t\t  <div class=\"wpsm_panel-body\">\r\n\t\t\t\t\t\t\tVer\u00f6ffentlichungen werden nach einer Moderation freigeschaltet. Dieser Vorgang kann je nach Auslastung wenige Minuten bis mehrere Stunden dauern.\nWir sind stets bem\u00fcht, Ihre Eintr\u00e4ge so schnell wie m\u00f6glich zu bearbeiten und gleichzeitig die Einhaltung der Plattformrichtlinien sicherzustellen.\t\t\t\t\t\t  <\/div>\r\n\t\t\t\t\t\t<\/div>\r\n\t\t\t\t\t<\/div>\r\n\t\t\t\t\t<!-- Inner panel End -->\r\n\t\t\t\t\t\r\n\t\t\t\t\t\t\t\t\r\n\t\t\t\t\t<!-- Inner panel Start -->\r\n\t\t\t\t\t<div class=\"wpsm_panel wpsm_panel-default\">\r\n\t\t\t\t\t\t<div class=\"wpsm_panel-heading\" role=\"tab\" >\r\n\t\t\t\t\t\t  <h4 class=\"wpsm_panel-title\">\r\n\t\t\t\t\t\t\t<a  class=\"collapsed\"  data-toggle=\"collapse\" data-parent=\"\" href=\"javascript:void(0)\" data-target=\"#ac_31_collapse3\" onclick=\"do_resize()\">\r\n\t\t\t\t\t\t\t\t\t\t\t\t\t\t\t\t\t<span class=\"ac_open_cl_icon fa fa-plus\"><\/span>\r\n\t\t\t\t\t\t\t\t\t\r\n\t\t\t\t\t\t\t\t \r\n\t\t\t\t\t\t\t\t<span class=\"ac_title_class\">\r\n\t\t\t\t\t\t\t\t\t3. Warum wurde meine Ver\u00f6ffentlichung nicht ver\u00f6ffentlicht?\t\t\t\t\t\t\t\t<\/span>\r\n\t\t\t\t\t\t\t<\/a>\r\n\t\t\t\t\t\t  <\/h4>\r\n\t\t\t\t\t\t<\/div>\r\n\t\t\t\t\t\t<div id=\"ac_31_collapse3\" class=\"wpsm_panel-collapse collapse\"  >\r\n\t\t\t\t\t\t  <div class=\"wpsm_panel-body\">\r\n\t\t\t\t\t\t\tEs gibt verschiedene Gr\u00fcnde, warum eine Ver\u00f6ffentlichung abgelehnt werden kann \u2013 zum Beispiel ein Versto\u00df gegen die Nutzungsbedingungen.\nEine vollst\u00e4ndige Liste m\u00f6glicher Ablehnungsgr\u00fcnde sowie die geltenden Regeln finden Sie unter folgendem Link: \"<a href=\"https:\/\/wellkauf.com\/de\/docs\/terms-of-service\" target=\"_blank\" rel=\"noopener\">https:\/\/wellkauf.com\/de\/docs\/terms-of-service<\/a>\". Wenn Sie der Meinung sind, dass Ihre Ver\u00f6ffentlichung zu Unrecht abgelehnt wurde, k\u00f6nnen Sie Einspruch einlegen, indem Sie den Kundensupport kontaktieren.\t\t\t\t\t\t  <\/div>\r\n\t\t\t\t\t\t<\/div>\r\n\t\t\t\t\t<\/div>\r\n\t\t\t\t\t<!-- Inner panel End -->\r\n\t\t\t\t\t\r\n\t\t\t\t\t\t\t\t\r\n\t\t\t\t\t<!-- Inner panel Start -->\r\n\t\t\t\t\t<div class=\"wpsm_panel wpsm_panel-default\">\r\n\t\t\t\t\t\t<div class=\"wpsm_panel-heading\" role=\"tab\" >\r\n\t\t\t\t\t\t  <h4 class=\"wpsm_panel-title\">\r\n\t\t\t\t\t\t\t<a  class=\"collapsed\"  data-toggle=\"collapse\" data-parent=\"\" href=\"javascript:void(0)\" data-target=\"#ac_31_collapse4\" onclick=\"do_resize()\">\r\n\t\t\t\t\t\t\t\t\t\t\t\t\t\t\t\t\t<span class=\"ac_open_cl_icon fa fa-plus\"><\/span>\r\n\t\t\t\t\t\t\t\t\t\r\n\t\t\t\t\t\t\t\t \r\n\t\t\t\t\t\t\t\t<span class=\"ac_title_class\">\r\n\t\t\t\t\t\t\t\t\t4. Kann ich meine Ver\u00f6ffentlichung nachtr\u00e4glich bearbeiten?\t\t\t\t\t\t\t\t<\/span>\r\n\t\t\t\t\t\t\t<\/a>\r\n\t\t\t\t\t\t  <\/h4>\r\n\t\t\t\t\t\t<\/div>\r\n\t\t\t\t\t\t<div id=\"ac_31_collapse4\" class=\"wpsm_panel-collapse collapse\"  >\r\n\t\t\t\t\t\t  <div class=\"wpsm_panel-body\">\r\n\t\t\t\t\t\t\tJa, Sie k\u00f6nnen Ihre Ver\u00f6ffentlichung jederzeit bearbeiten. \u00d6ffnen Sie dazu Ihr <a href=\"https:\/\/wellkauf.com\/de\/user\/publications\/active\" target=\"_blank\" rel=\"noopener\">pers\u00f6nliches Konto<\/a>, w\u00e4hlen Sie die entsprechende Ver\u00f6ffentlichung und klicken Sie auf \u201eBearbeiten\u201c.\nJe nach Umfang der \u00c4nderungen kann eine erneute Moderation erforderlich sein.\t\t\t\t\t\t  <\/div>\r\n\t\t\t\t\t\t<\/div>\r\n\t\t\t\t\t<\/div>\r\n\t\t\t\t\t<!-- Inner panel End -->\r\n\t\t\t\t\t\r\n\t\t\t\t\t\t\t\t\r\n\t\t\t\t\t<!-- Inner panel Start -->\r\n\t\t\t\t\t<div class=\"wpsm_panel wpsm_panel-default\">\r\n\t\t\t\t\t\t<div class=\"wpsm_panel-heading\" role=\"tab\" >\r\n\t\t\t\t\t\t  <h4 class=\"wpsm_panel-title\">\r\n\t\t\t\t\t\t\t<a  class=\"collapsed\"  data-toggle=\"collapse\" data-parent=\"\" href=\"javascript:void(0)\" data-target=\"#ac_31_collapse5\" onclick=\"do_resize()\">\r\n\t\t\t\t\t\t\t\t\t\t\t\t\t\t\t\t\t<span class=\"ac_open_cl_icon fa fa-plus\"><\/span>\r\n\t\t\t\t\t\t\t\t\t\r\n\t\t\t\t\t\t\t\t \r\n\t\t\t\t\t\t\t\t<span class=\"ac_title_class\">\r\n\t\t\t\t\t\t\t\t\t5. Wie l\u00f6sche ich eine Ver\u00f6ffentlichung?\t\t\t\t\t\t\t\t<\/span>\r\n\t\t\t\t\t\t\t<\/a>\r\n\t\t\t\t\t\t  <\/h4>\r\n\t\t\t\t\t\t<\/div>\r\n\t\t\t\t\t\t<div id=\"ac_31_collapse5\" class=\"wpsm_panel-collapse collapse\"  >\r\n\t\t\t\t\t\t  <div class=\"wpsm_panel-body\">\r\n\t\t\t\t\t\t\tGehen Sie in Ihr <a href=\"https:\/\/wellkauf.com\/de\/user\/publications\/active\" target=\"_blank\" rel=\"noopener\">pers\u00f6nliches Konto<\/a>, w\u00e4hlen Sie die betreffende Ver\u00f6ffentlichung aus und klicken Sie auf \u201eL\u00f6schen\u201c.\t\t\t\t\t\t  <\/div>\r\n\t\t\t\t\t\t<\/div>\r\n\t\t\t\t\t<\/div>\r\n\t\t\t\t\t<!-- Inner panel End -->\r\n\t\t\t\t\t\r\n\t\t\t\t\t\t\t\t\r\n\t\t\t\t\t<!-- Inner panel Start -->\r\n\t\t\t\t\t<div class=\"wpsm_panel wpsm_panel-default\">\r\n\t\t\t\t\t\t<div class=\"wpsm_panel-heading\" role=\"tab\" >\r\n\t\t\t\t\t\t  <h4 class=\"wpsm_panel-title\">\r\n\t\t\t\t\t\t\t<a  class=\"collapsed\"  data-toggle=\"collapse\" data-parent=\"\" href=\"javascript:void(0)\" data-target=\"#ac_31_collapse6\" onclick=\"do_resize()\">\r\n\t\t\t\t\t\t\t\t\t\t\t\t\t\t\t\t\t<span class=\"ac_open_cl_icon fa fa-plus\"><\/span>\r\n\t\t\t\t\t\t\t\t\t\r\n\t\t\t\t\t\t\t\t \r\n\t\t\t\t\t\t\t\t<span class=\"ac_title_class\">\r\n\t\t\t\t\t\t\t\t\t6. Wie lange bleibt eine Ver\u00f6ffentlichung aktiv?\t\t\t\t\t\t\t\t<\/span>\r\n\t\t\t\t\t\t\t<\/a>\r\n\t\t\t\t\t\t  <\/h4>\r\n\t\t\t\t\t\t<\/div>\r\n\t\t\t\t\t\t<div id=\"ac_31_collapse6\" class=\"wpsm_panel-collapse collapse\"  >\r\n\t\t\t\t\t\t  <div class=\"wpsm_panel-body\">\r\n\t\t\t\t\t\t\tDie Laufzeit einer Ver\u00f6ffentlichung h\u00e4ngt von der gew\u00e4hlten Kategorie und den gebuchten kostenpflichtigen Diensten ab. Standardm\u00e4\u00dfig bleibt eine Ver\u00f6ffentlichung 30 Tage aktiv. Kurz vor Ablauf erhalten Sie eine Benachrichtigung. Nach Ablauf wird die Ver\u00f6ffentlichung automatisch deaktiviert, kann jedoch jederzeit erneut ver\u00f6ffentlicht werden.\t\t\t\t\t\t  <\/div>\r\n\t\t\t\t\t\t<\/div>\r\n\t\t\t\t\t<\/div>\r\n\t\t\t\t\t<!-- Inner panel End -->\r\n\t\t\t\t\t\r\n\t\t\t\t\t\t\t\t\r\n\t\t\t\t\t<!-- Inner panel Start -->\r\n\t\t\t\t\t<div class=\"wpsm_panel wpsm_panel-default\">\r\n\t\t\t\t\t\t<div class=\"wpsm_panel-heading\" role=\"tab\" >\r\n\t\t\t\t\t\t  <h4 class=\"wpsm_panel-title\">\r\n\t\t\t\t\t\t\t<a  class=\"collapsed\"  data-toggle=\"collapse\" data-parent=\"\" href=\"javascript:void(0)\" data-target=\"#ac_31_collapse7\" onclick=\"do_resize()\">\r\n\t\t\t\t\t\t\t\t\t\t\t\t\t\t\t\t\t<span class=\"ac_open_cl_icon fa fa-plus\"><\/span>\r\n\t\t\t\t\t\t\t\t\t\r\n\t\t\t\t\t\t\t\t \r\n\t\t\t\t\t\t\t\t<span class=\"ac_title_class\">\r\n\t\t\t\t\t\t\t\t\t7. Wie kann ich meine Ver\u00f6ffentlichung bewerben?\t\t\t\t\t\t\t\t<\/span>\r\n\t\t\t\t\t\t\t<\/a>\r\n\t\t\t\t\t\t  <\/h4>\r\n\t\t\t\t\t\t<\/div>\r\n\t\t\t\t\t\t<div id=\"ac_31_collapse7\" class=\"wpsm_panel-collapse collapse\"  >\r\n\t\t\t\t\t\t  <div class=\"wpsm_panel-body\">\r\n\t\t\t\t\t\t\tEs stehen verschiedene kostenpflichtige Optionen zur Verf\u00fcgung, um die Sichtbarkeit Ihrer Ver\u00f6ffentlichung zu erh\u00f6hen \u2013 z. B. eine Platzierung auf der Startseite oder ganz oben in den Suchergebnissen.\nWeitere Informationen finden Sie im <a href=\"https:\/\/wellkauf.com\/de\/user\/services\/highlighting\" target=\"_blank\" rel=\"noopener\">\u201eDienstleistungen\u201c-Bereich<\/a> in Ihrem pers\u00f6nlichen Konto.\t\t\t\t\t\t  <\/div>\r\n\t\t\t\t\t\t<\/div>\r\n\t\t\t\t\t<\/div>\r\n\t\t\t\t\t<!-- Inner panel End -->\r\n\t\t\t\t\t\r\n\t\t\t\t\t\t\t\t\r\n\t\t\t\t\t<!-- Inner panel Start -->\r\n\t\t\t\t\t<div class=\"wpsm_panel wpsm_panel-default\">\r\n\t\t\t\t\t\t<div class=\"wpsm_panel-heading\" role=\"tab\" >\r\n\t\t\t\t\t\t  <h4 class=\"wpsm_panel-title\">\r\n\t\t\t\t\t\t\t<a  class=\"collapsed\"  data-toggle=\"collapse\" data-parent=\"\" href=\"javascript:void(0)\" data-target=\"#ac_31_collapse8\" onclick=\"do_resize()\">\r\n\t\t\t\t\t\t\t\t\t\t\t\t\t\t\t\t\t<span class=\"ac_open_cl_icon fa fa-plus\"><\/span>\r\n\t\t\t\t\t\t\t\t\t\r\n\t\t\t\t\t\t\t\t \r\n\t\t\t\t\t\t\t\t<span class=\"ac_title_class\">\r\n\t\t\t\t\t\t\t\t\t8. Kann ich mehrere Ver\u00f6ffentlichungen gleichzeitig erstellen?\t\t\t\t\t\t\t\t<\/span>\r\n\t\t\t\t\t\t\t<\/a>\r\n\t\t\t\t\t\t  <\/h4>\r\n\t\t\t\t\t\t<\/div>\r\n\t\t\t\t\t\t<div id=\"ac_31_collapse8\" class=\"wpsm_panel-collapse collapse\"  >\r\n\t\t\t\t\t\t  <div class=\"wpsm_panel-body\">\r\n\t\t\t\t\t\t\tJa, Sie k\u00f6nnen mehrere Ver\u00f6ffentlichungen gleichzeitig erstellen. Bitte beachten Sie, dass jede Ver\u00f6ffentlichung den Plattformregeln entsprechen muss.\nDas mehrfache Hochladen identischer Eintr\u00e4ge f\u00fcr dasselbe Produkt ist nicht erlaubt.\t\t\t\t\t\t  <\/div>\r\n\t\t\t\t\t\t<\/div>\r\n\t\t\t\t\t<\/div>\r\n\t\t\t\t\t<!-- Inner panel End -->\r\n\t\t\t\t\t\r\n\t\t\t\t\t\t\t<\/div>\r\n\t\t\t\r\n<script type=\"text\/javascript\">\r\n\t\r\n\t\tfunction do_resize(){\r\n\r\n\t\t\tvar width=jQuery( '.wpsm_panel .wpsm_panel-body iframe' ).width();\r\n\t\t\tvar height=jQuery( '.wpsm_panel .wpsm_panel-body iframe' ).height();\r\n\r\n\t\t\tvar toggleSize = true;\r\n\t\t\tjQuery('iframe').animate({\r\n\t\t\t    width: toggleSize ? width : 640,\r\n\t\t\t    height: toggleSize ? height : 360\r\n\t\t\t  }, 250);\r\n\r\n\t\t\t  toggleSize = !toggleSize;\r\n\t\t}\r\n\t\t\r\n<\/script>","protected":false},"excerpt":{"rendered":"","protected":false},"author":1,"featured_media":0,"parent":0,"menu_order":0,"comment_status":"closed","ping_status":"closed","template":"","meta":{"footnotes":""},"class_list":["post-50","page","type-page","status-publish","hentry"],"yoast_head":"<!-- This site is optimized with the Yoast SEO plugin v24.5 - https:\/\/yoast.com\/wordpress\/plugins\/seo\/ -->\n<title>Kleinanzeigen &amp; Promotionen | Wellkauf Hilfe-Center<\/title>\n<meta name=\"description\" content=\"Lernen Sie, wie Sie Ihre Wellkauf-Kleinanzeigen erstellen, bearbeiten, promoten und verwalten \u2013 mit Schritt-f\u00fcr-Schritt-Anleitungen f\u00fcr mehr Sichtbarkeit.\" \/>\n<meta name=\"robots\" content=\"index, follow, max-snippet:-1, max-image-preview:large, max-video-preview:-1\" \/>\n<link rel=\"canonical\" href=\"https:\/\/blog.wellkauf.com\/de\/category-ad-placement\/\" \/>\n<meta property=\"og:locale\" content=\"de_DE\" \/>\n<meta property=\"og:type\" content=\"article\" \/>\n<meta property=\"og:title\" content=\"Kleinanzeigen &amp; Promotionen | Wellkauf Hilfe-Center\" \/>\n<meta property=\"og:description\" content=\"Lernen Sie, wie Sie Ihre Wellkauf-Kleinanzeigen erstellen, bearbeiten, promoten und verwalten \u2013 mit Schritt-f\u00fcr-Schritt-Anleitungen f\u00fcr mehr Sichtbarkeit.\" \/>\n<meta property=\"og:url\" content=\"https:\/\/blog.wellkauf.com\/de\/category-ad-placement\/\" \/>\n<meta property=\"og:site_name\" content=\"Wellkauf Hilfe-Center\" \/>\n<meta property=\"article:modified_time\" content=\"2025-07-02T07:53:15+00:00\" \/>\n<meta name=\"twitter:card\" content=\"summary_large_image\" \/>\n<meta name=\"twitter:label1\" content=\"Est. reading time\" \/>\n\t<meta name=\"twitter:data1\" content=\"1 Minute\" \/>\n<script type=\"application\/ld+json\" class=\"yoast-schema-graph\">{\"@context\":\"https:\/\/schema.org\",\"@graph\":[{\"@type\":\"WebPage\",\"@id\":\"https:\/\/blog.wellkauf.com\/category-ad-placement\/\",\"url\":\"https:\/\/blog.wellkauf.com\/category-ad-placement\/\",\"name\":\"Kleinanzeigen & Promotionen | Wellkauf Hilfe-Center\",\"isPartOf\":{\"@id\":\"https:\/\/blog.wellkauf.com\/#website\"},\"datePublished\":\"2024-10-07T08:08:54+00:00\",\"dateModified\":\"2025-07-02T07:53:15+00:00\",\"description\":\"Lernen Sie, wie Sie Ihre Wellkauf-Kleinanzeigen erstellen, bearbeiten, promoten und verwalten \u2013 mit Schritt-f\u00fcr-Schritt-Anleitungen f\u00fcr mehr Sichtbarkeit.\",\"breadcrumb\":{\"@id\":\"https:\/\/blog.wellkauf.com\/category-ad-placement\/#breadcrumb\"},\"inLanguage\":\"de-DE\",\"potentialAction\":[{\"@type\":\"ReadAction\",\"target\":[\"https:\/\/blog.wellkauf.com\/category-ad-placement\/\"]}]},{\"@type\":\"BreadcrumbList\",\"@id\":\"https:\/\/blog.wellkauf.com\/category-ad-placement\/#breadcrumb\",\"itemListElement\":[{\"@type\":\"ListItem\",\"position\":1,\"name\":\"Home\",\"item\":\"https:\/\/blog.wellkauf.com\/\"},{\"@type\":\"ListItem\",\"position\":2,\"name\":\"Category \u201cPublication Placement\u201d\"}]},{\"@type\":\"WebSite\",\"@id\":\"https:\/\/blog.wellkauf.com\/#website\",\"url\":\"https:\/\/blog.wellkauf.com\/\",\"name\":\"Wellkauf Hilfe-Center\",\"description\":\"\",\"potentialAction\":[{\"@type\":\"SearchAction\",\"target\":{\"@type\":\"EntryPoint\",\"urlTemplate\":\"https:\/\/blog.wellkauf.com\/?s={search_term_string}\"},\"query-input\":{\"@type\":\"PropertyValueSpecification\",\"valueRequired\":true,\"valueName\":\"search_term_string\"}}],\"inLanguage\":\"de-DE\"}]}<\/script>\n<!-- \/ Yoast SEO plugin. -->","yoast_head_json":{"title":"Kleinanzeigen & Promotionen | Wellkauf Hilfe-Center","description":"Lernen Sie, wie Sie Ihre Wellkauf-Kleinanzeigen erstellen, bearbeiten, promoten und verwalten \u2013 mit Schritt-f\u00fcr-Schritt-Anleitungen f\u00fcr mehr Sichtbarkeit.","robots":{"index":"index","follow":"follow","max-snippet":"max-snippet:-1","max-image-preview":"max-image-preview:large","max-video-preview":"max-video-preview:-1"},"canonical":"https:\/\/blog.wellkauf.com\/de\/category-ad-placement\/","og_locale":"de_DE","og_type":"article","og_title":"Kleinanzeigen & Promotionen | Wellkauf Hilfe-Center","og_description":"Lernen Sie, wie Sie Ihre Wellkauf-Kleinanzeigen erstellen, bearbeiten, promoten und verwalten \u2013 mit Schritt-f\u00fcr-Schritt-Anleitungen f\u00fcr mehr Sichtbarkeit.","og_url":"https:\/\/blog.wellkauf.com\/de\/category-ad-placement\/","og_site_name":"Wellkauf Hilfe-Center","article_modified_time":"2025-07-02T07:53:15+00:00","twitter_card":"summary_large_image","twitter_misc":{"Est. reading time":"1 Minute"},"schema":{"@context":"https:\/\/schema.org","@graph":[{"@type":"WebPage","@id":"https:\/\/blog.wellkauf.com\/category-ad-placement\/","url":"https:\/\/blog.wellkauf.com\/category-ad-placement\/","name":"Kleinanzeigen & Promotionen | Wellkauf Hilfe-Center","isPartOf":{"@id":"https:\/\/blog.wellkauf.com\/#website"},"datePublished":"2024-10-07T08:08:54+00:00","dateModified":"2025-07-02T07:53:15+00:00","description":"Lernen Sie, wie Sie Ihre Wellkauf-Kleinanzeigen erstellen, bearbeiten, promoten und verwalten \u2013 mit Schritt-f\u00fcr-Schritt-Anleitungen f\u00fcr mehr Sichtbarkeit.","breadcrumb":{"@id":"https:\/\/blog.wellkauf.com\/category-ad-placement\/#breadcrumb"},"inLanguage":"de-DE","potentialAction":[{"@type":"ReadAction","target":["https:\/\/blog.wellkauf.com\/category-ad-placement\/"]}]},{"@type":"BreadcrumbList","@id":"https:\/\/blog.wellkauf.com\/category-ad-placement\/#breadcrumb","itemListElement":[{"@type":"ListItem","position":1,"name":"Home","item":"https:\/\/blog.wellkauf.com\/"},{"@type":"ListItem","position":2,"name":"Category \u201cPublication Placement\u201d"}]},{"@type":"WebSite","@id":"https:\/\/blog.wellkauf.com\/#website","url":"https:\/\/blog.wellkauf.com\/","name":"Wellkauf Hilfe-Center","description":"","potentialAction":[{"@type":"SearchAction","target":{"@type":"EntryPoint","urlTemplate":"https:\/\/blog.wellkauf.com\/?s={search_term_string}"},"query-input":{"@type":"PropertyValueSpecification","valueRequired":true,"valueName":"search_term_string"}}],"inLanguage":"de-DE"}]}},"_links":{"self":[{"href":"https:\/\/blog.wellkauf.com\/de\/wp-json\/wp\/v2\/pages\/50","targetHints":{"allow":["GET"]}}],"collection":[{"href":"https:\/\/blog.wellkauf.com\/de\/wp-json\/wp\/v2\/pages"}],"about":[{"href":"https:\/\/blog.wellkauf.com\/de\/wp-json\/wp\/v2\/types\/page"}],"author":[{"embeddable":true,"href":"https:\/\/blog.wellkauf.com\/de\/wp-json\/wp\/v2\/users\/1"}],"replies":[{"embeddable":true,"href":"https:\/\/blog.wellkauf.com\/de\/wp-json\/wp\/v2\/comments?post=50"}],"version-history":[{"count":2,"href":"https:\/\/blog.wellkauf.com\/de\/wp-json\/wp\/v2\/pages\/50\/revisions"}],"predecessor-version":[{"id":142,"href":"https:\/\/blog.wellkauf.com\/de\/wp-json\/wp\/v2\/pages\/50\/revisions\/142"}],"wp:attachment":[{"href":"https:\/\/blog.wellkauf.com\/de\/wp-json\/wp\/v2\/media?parent=50"}],"curies":[{"name":"wp","href":"https:\/\/api.w.org\/{rel}","templated":true}]}}