{"id":52,"date":"2024-10-07T08:09:22","date_gmt":"2024-10-07T08:09:22","guid":{"rendered":"https:\/\/blog.wellkauf.com\/?page_id=52"},"modified":"2025-07-02T07:53:36","modified_gmt":"2025-07-02T07:53:36","slug":"category-safety-and-rules","status":"publish","type":"page","link":"https:\/\/blog.wellkauf.com\/de\/category-safety-and-rules\/","title":{"rendered":"Kategorie \u201eSicherheit und Regeln\u201c"},"content":{"rendered":"<style>\r\n\t\t\t\t<style>\r\n#wpsm_accordion_33 .wpsm_panel-heading{\r\n\tpadding:0px !important;\r\n}\r\n#wpsm_accordion_33 .wpsm_panel-title {\r\n\tmargin:0px !important; \r\n\ttext-transform:none !important;\r\n\tline-height: 1 !important;\r\n}\r\n#wpsm_accordion_33 .wpsm_panel-title a{\r\n\ttext-decoration:none;\r\n\toverflow:hidden;\r\n\tdisplay:block;\r\n\tpadding:0px;\r\n\tfont-size: 18px !important;\r\n\tfont-family: Open Sans !important;\r\n\tcolor:#ffffff !important;\r\n\tborder-bottom:0px !important;\r\n}\r\n\r\n#wpsm_accordion_33 .wpsm_panel-title a:focus {\r\noutline: 0px !important;\r\n}\r\n\r\n#wpsm_accordion_33 .wpsm_panel-title a:hover, #wpsm_accordion_33 .wpsm_panel-title a:focus {\r\n\tcolor:#ffffff !important;\r\n}\r\n#wpsm_accordion_33 .acc-a{\r\n\tcolor: #ffffff !important;\r\n\tbackground-color:#548dd4 !important;\r\n\tborder-color: #ddd;\r\n}\r\n#wpsm_accordion_33 .wpsm_panel-default > .wpsm_panel-heading{\r\n\tcolor: #ffffff !important;\r\n\tbackground-color: #548dd4 !important;\r\n\tborder-color: #548dd4 !important;\r\n\tborder-top-left-radius: 0px;\r\n\tborder-top-right-radius: 0px;\r\n}\r\n#wpsm_accordion_33 .wpsm_panel-default {\r\n\t\tborder:1px solid transparent !important;\r\n\t}\r\n#wpsm_accordion_33 {\r\n\tmargin-bottom: 20px;\r\n\toverflow: hidden;\r\n\tfloat: none;\r\n\twidth: 100%;\r\n\tdisplay: block;\r\n}\r\n#wpsm_accordion_33 .ac_title_class{\r\n\tdisplay: block;\r\n\tpadding-top: 12px;\r\n\tpadding-bottom: 12px;\r\n\tpadding-left: 15px;\r\n\tpadding-right: 15px;\r\n}\r\n#wpsm_accordion_33  .wpsm_panel {\r\n\toverflow:hidden;\r\n\t-webkit-box-shadow: 0 0px 0px rgba(0, 0, 0, .05);\r\n\tbox-shadow: 0 0px 0px rgba(0, 0, 0, .05);\r\n\t\tborder-radius: 4px;\r\n\t}\r\n#wpsm_accordion_33  .wpsm_panel + .wpsm_panel {\r\n\t\tmargin-top: 5px;\r\n\t}\r\n#wpsm_accordion_33  .wpsm_panel-body{\r\n\tbackground-color:transparent !important;\r\n\tcolor:inherit !important;\r\n\tborder-top-color: #548dd4 !important;\r\n\tfont-size:16px !important;\r\n\tfont-family: Open Sans !important;\r\n\toverflow: hidden;\r\n\t\tborder: 2px solid #548dd4 !important;\r\n\t}\r\n\r\n#wpsm_accordion_33 .ac_open_cl_icon{\r\n\tbackground-color:#548dd4 !important;\r\n\tcolor: #ffffff !important;\r\n\tfloat:right !important;\r\n\tpadding-top: 12px !important;\r\n\tpadding-bottom: 12px !important;\r\n\tline-height: 1.0 !important;\r\n\tpadding-left: 15px !important;\r\n\tpadding-right: 15px !important;\r\n\tdisplay: inline-block !important;\r\n}\r\n\r\n\t\t\t\r\n\t\t\t<\/style>\t\r\n\t\t\t<\/style>\r\n\t\t\t<div class=\"wpsm_panel-group\" id=\"wpsm_accordion_33\" >\r\n\t\t\t\t\t\t\t\t\r\n\t\t\t\t\t<!-- Inner panel Start -->\r\n\t\t\t\t\t<div class=\"wpsm_panel wpsm_panel-default\">\r\n\t\t\t\t\t\t<div class=\"wpsm_panel-heading\" role=\"tab\" >\r\n\t\t\t\t\t\t  <h4 class=\"wpsm_panel-title\">\r\n\t\t\t\t\t\t\t<a  class=\"\"  data-toggle=\"collapse\" data-parent=\"\" href=\"javascript:void(0)\" data-target=\"#ac_33_collapse1\" onclick=\"do_resize()\">\r\n\t\t\t\t\t\t\t\t\t\t\t\t\t\t\t\t\t<span class=\"ac_open_cl_icon fa fa-minus\"><\/span>\r\n\t\t\t\t\t\t\t\t\t\r\n\t\t\t\t\t\t\t\t \r\n\t\t\t\t\t\t\t\t<span class=\"ac_title_class\">\r\n\t\t\t\t\t\t\t\t\t1. Was sind die Sicherheitsrichtlinien der Plattform?\t\t\t\t\t\t\t\t<\/span>\r\n\t\t\t\t\t\t\t<\/a>\r\n\t\t\t\t\t\t  <\/h4>\r\n\t\t\t\t\t\t<\/div>\r\n\t\t\t\t\t\t<div id=\"ac_33_collapse1\" class=\"wpsm_panel-collapse collapse in\"  >\r\n\t\t\t\t\t\t  <div class=\"wpsm_panel-body\">\r\n\t\t\t\t\t\t\tWir empfehlen, ein paar einfache Regeln zu befolgen, um Ihre Sicherheit bei der Nutzung von Wellkauf zu gew\u00e4hrleisten: Kommunizieren Sie immer \u00fcber das interne Nachrichtensystem der Plattform. Teilen Sie keine pers\u00f6nlichen Informationen wie Ihre Wohnadresse oder Bankkontodaten. Wenn Sie sich pers\u00f6nlich treffen, w\u00e4hlen Sie \u00f6ffentliche Orte und bringen Sie, wenn m\u00f6glich, jemanden mit.\t\t\t\t\t\t  <\/div>\r\n\t\t\t\t\t\t<\/div>\r\n\t\t\t\t\t<\/div>\r\n\t\t\t\t\t<!-- Inner panel End -->\r\n\t\t\t\t\t\r\n\t\t\t\t\t\t\t\t\r\n\t\t\t\t\t<!-- Inner panel Start -->\r\n\t\t\t\t\t<div class=\"wpsm_panel wpsm_panel-default\">\r\n\t\t\t\t\t\t<div class=\"wpsm_panel-heading\" role=\"tab\" >\r\n\t\t\t\t\t\t  <h4 class=\"wpsm_panel-title\">\r\n\t\t\t\t\t\t\t<a  class=\"collapsed\"  data-toggle=\"collapse\" data-parent=\"\" href=\"javascript:void(0)\" data-target=\"#ac_33_collapse2\" onclick=\"do_resize()\">\r\n\t\t\t\t\t\t\t\t\t\t\t\t\t\t\t\t\t<span class=\"ac_open_cl_icon fa fa-plus\"><\/span>\r\n\t\t\t\t\t\t\t\t\t\r\n\t\t\t\t\t\t\t\t \r\n\t\t\t\t\t\t\t\t<span class=\"ac_title_class\">\r\n\t\t\t\t\t\t\t\t\t2. Was soll ich tun, wenn ich auf Betrug sto\u00dfe?\t\t\t\t\t\t\t\t<\/span>\r\n\t\t\t\t\t\t\t<\/a>\r\n\t\t\t\t\t\t  <\/h4>\r\n\t\t\t\t\t\t<\/div>\r\n\t\t\t\t\t\t<div id=\"ac_33_collapse2\" class=\"wpsm_panel-collapse collapse\"  >\r\n\t\t\t\t\t\t  <div class=\"wpsm_panel-body\">\r\n\t\t\t\t\t\t\tWenn Sie verd\u00e4chtige Aktivit\u00e4ten feststellen oder den Verdacht haben, dass jemand versucht, Sie zu betr\u00fcgen, melden Sie den Nutzer und das Inserat umgehend an unser Support-Team \u00fcber die Schaltfl\u00e4che \u201eMelden\u201c, die sich auf der Inserats- oder Benutzerprofilseite befindet. Unsere Moderatoren werden den Vorfall pr\u00fcfen und entsprechende Ma\u00dfnahmen ergreifen.\t\t\t\t\t\t  <\/div>\r\n\t\t\t\t\t\t<\/div>\r\n\t\t\t\t\t<\/div>\r\n\t\t\t\t\t<!-- Inner panel End -->\r\n\t\t\t\t\t\r\n\t\t\t\t\t\t\t\t\r\n\t\t\t\t\t<!-- Inner panel Start -->\r\n\t\t\t\t\t<div class=\"wpsm_panel wpsm_panel-default\">\r\n\t\t\t\t\t\t<div class=\"wpsm_panel-heading\" role=\"tab\" >\r\n\t\t\t\t\t\t  <h4 class=\"wpsm_panel-title\">\r\n\t\t\t\t\t\t\t<a  class=\"collapsed\"  data-toggle=\"collapse\" data-parent=\"\" href=\"javascript:void(0)\" data-target=\"#ac_33_collapse3\" onclick=\"do_resize()\">\r\n\t\t\t\t\t\t\t\t\t\t\t\t\t\t\t\t\t<span class=\"ac_open_cl_icon fa fa-plus\"><\/span>\r\n\t\t\t\t\t\t\t\t\t\r\n\t\t\t\t\t\t\t\t \r\n\t\t\t\t\t\t\t\t<span class=\"ac_title_class\">\r\n\t\t\t\t\t\t\t\t\t3. Gibt es verbotene Artikel?\t\t\t\t\t\t\t\t<\/span>\r\n\t\t\t\t\t\t\t<\/a>\r\n\t\t\t\t\t\t  <\/h4>\r\n\t\t\t\t\t\t<\/div>\r\n\t\t\t\t\t\t<div id=\"ac_33_collapse3\" class=\"wpsm_panel-collapse collapse\"  >\r\n\t\t\t\t\t\t  <div class=\"wpsm_panel-body\">\r\n\t\t\t\t\t\t\tJa, bestimmte Artikel d\u00fcrfen auf der Plattform nicht verkauft werden. Dazu geh\u00f6ren illegale Artikel, Waffen, Drogen und gef\u00e4lschte Waren. Eine vollst\u00e4ndige Liste der verbotenen Artikel finden Sie unter diesem Link: \"<a href=\"https:\/\/wellkauf.com\/de-DE\/docs\/prohibited-goods\" target=\"_blank\" rel=\"noopener\">https:\/\/wellkauf.com\/de-DE\/docs\/prohibited-goods<\/a>\".\t\t\t\t\t\t  <\/div>\r\n\t\t\t\t\t\t<\/div>\r\n\t\t\t\t\t<\/div>\r\n\t\t\t\t\t<!-- Inner panel End -->\r\n\t\t\t\t\t\r\n\t\t\t\t\t\t\t\t\r\n\t\t\t\t\t<!-- Inner panel Start -->\r\n\t\t\t\t\t<div class=\"wpsm_panel wpsm_panel-default\">\r\n\t\t\t\t\t\t<div class=\"wpsm_panel-heading\" role=\"tab\" >\r\n\t\t\t\t\t\t  <h4 class=\"wpsm_panel-title\">\r\n\t\t\t\t\t\t\t<a  class=\"collapsed\"  data-toggle=\"collapse\" data-parent=\"\" href=\"javascript:void(0)\" data-target=\"#ac_33_collapse4\" onclick=\"do_resize()\">\r\n\t\t\t\t\t\t\t\t\t\t\t\t\t\t\t\t\t<span class=\"ac_open_cl_icon fa fa-plus\"><\/span>\r\n\t\t\t\t\t\t\t\t\t\r\n\t\t\t\t\t\t\t\t \r\n\t\t\t\t\t\t\t\t<span class=\"ac_title_class\">\r\n\t\t\t\t\t\t\t\t\t4. Wie melde ich einen Regelversto\u00df?\t\t\t\t\t\t\t\t<\/span>\r\n\t\t\t\t\t\t\t<\/a>\r\n\t\t\t\t\t\t  <\/h4>\r\n\t\t\t\t\t\t<\/div>\r\n\t\t\t\t\t\t<div id=\"ac_33_collapse4\" class=\"wpsm_panel-collapse collapse\"  >\r\n\t\t\t\t\t\t  <div class=\"wpsm_panel-body\">\r\n\t\t\t\t\t\t\tWenn Sie feststellen, dass ein Benutzer gegen die Plattformregeln verst\u00f6\u00dft, k\u00f6nnen Sie ihn melden, indem Sie auf der Anzeige- oder Benutzerprofilseite die Schaltfl\u00e4che \u201eMelden\u201c klicken. Sie k\u00f6nnen auch direkt den Kundenservice kontaktieren, wenn Sie der Meinung sind, dass weitere Ma\u00dfnahmen erforderlich sind.\t\t\t\t\t\t  <\/div>\r\n\t\t\t\t\t\t<\/div>\r\n\t\t\t\t\t<\/div>\r\n\t\t\t\t\t<!-- Inner panel End -->\r\n\t\t\t\t\t\r\n\t\t\t\t\t\t\t\t\r\n\t\t\t\t\t<!-- Inner panel Start -->\r\n\t\t\t\t\t<div class=\"wpsm_panel wpsm_panel-default\">\r\n\t\t\t\t\t\t<div class=\"wpsm_panel-heading\" role=\"tab\" >\r\n\t\t\t\t\t\t  <h4 class=\"wpsm_panel-title\">\r\n\t\t\t\t\t\t\t<a  class=\"collapsed\"  data-toggle=\"collapse\" data-parent=\"\" href=\"javascript:void(0)\" data-target=\"#ac_33_collapse5\" onclick=\"do_resize()\">\r\n\t\t\t\t\t\t\t\t\t\t\t\t\t\t\t\t\t<span class=\"ac_open_cl_icon fa fa-plus\"><\/span>\r\n\t\t\t\t\t\t\t\t\t\r\n\t\t\t\t\t\t\t\t \r\n\t\t\t\t\t\t\t\t<span class=\"ac_title_class\">\r\n\t\t\t\t\t\t\t\t\t5. Welche Ma\u00dfnahmen werden gegen Regelverletzer ergriffen?\t\t\t\t\t\t\t\t<\/span>\r\n\t\t\t\t\t\t\t<\/a>\r\n\t\t\t\t\t\t  <\/h4>\r\n\t\t\t\t\t\t<\/div>\r\n\t\t\t\t\t\t<div id=\"ac_33_collapse5\" class=\"wpsm_panel-collapse collapse\"  >\r\n\t\t\t\t\t\t  <div class=\"wpsm_panel-body\">\r\n\t\t\t\t\t\t\tJe nach Schwere des Versto\u00dfes kann das Profil des Benutzers vor\u00fcbergehend oder dauerhaft gesperrt oder die Anzeige entfernt werden. In schwerwiegenden F\u00e4llen k\u00f6nnen rechtliche Schritte eingeleitet werden.\t\t\t\t\t\t  <\/div>\r\n\t\t\t\t\t\t<\/div>\r\n\t\t\t\t\t<\/div>\r\n\t\t\t\t\t<!-- Inner panel End -->\r\n\t\t\t\t\t\r\n\t\t\t\t\t\t\t\t\r\n\t\t\t\t\t<!-- Inner panel Start -->\r\n\t\t\t\t\t<div class=\"wpsm_panel wpsm_panel-default\">\r\n\t\t\t\t\t\t<div class=\"wpsm_panel-heading\" role=\"tab\" >\r\n\t\t\t\t\t\t  <h4 class=\"wpsm_panel-title\">\r\n\t\t\t\t\t\t\t<a  class=\"collapsed\"  data-toggle=\"collapse\" data-parent=\"\" href=\"javascript:void(0)\" data-target=\"#ac_33_collapse6\" onclick=\"do_resize()\">\r\n\t\t\t\t\t\t\t\t\t\t\t\t\t\t\t\t\t<span class=\"ac_open_cl_icon fa fa-plus\"><\/span>\r\n\t\t\t\t\t\t\t\t\t\r\n\t\t\t\t\t\t\t\t \r\n\t\t\t\t\t\t\t\t<span class=\"ac_title_class\">\r\n\t\t\t\t\t\t\t\t\t6. Vorsicht vor Betr\u00fcgern! \ud83d\udea8\t\t\t\t\t\t\t\t<\/span>\r\n\t\t\t\t\t\t\t<\/a>\r\n\t\t\t\t\t\t  <\/h4>\r\n\t\t\t\t\t\t<\/div>\r\n\t\t\t\t\t\t<div id=\"ac_33_collapse6\" class=\"wpsm_panel-collapse collapse\"  >\r\n\t\t\t\t\t\t  <div class=\"wpsm_panel-body\">\r\n\t\t\t\t\t\t\tLiebe Nutzer, wir m\u00f6chten euch auf die zunehmende Verbreitung betr\u00fcgerischer Nachrichten aufmerksam machen. Hier ist ein Beispiel f\u00fcr eine solche Nachricht:<br \/><br \/>\r\n\r\n\u201eHallo! Sie m\u00fcssen Ihr Konto verifizieren! Wir haben verd\u00e4chtige Aktivit\u00e4ten im Zusammenhang mit Ihrem Konto festgestellt. Um eine Sperrung zu vermeiden, f\u00fchren Sie bitte die Verifizierung durch\u2026\u201c<br \/><br \/>\r\n\r\n\u26a0\ufe0f Seid wachsam! Wir versenden niemals als Erste Nachrichten und fordern keine Informationen \u00fcber externe Links an.<br \/><br \/>\r\n\r\n\u2705 Alle offiziellen Benachrichtigungen und Nachrichten unserer Plattform werden ausschlie\u00dflich \u00fcber folgende Kan\u00e4le versendet:<br \/>\r\n\u2022 Die im Footer unserer Website angegebenen E-Mail-Adressen.<br \/>\r\n\u2022 Den Support-Chat auf unserem Portal.<br \/><br \/>\r\n\r\nFalls ihr eine verd\u00e4chtige Nachricht erhaltet:<br \/><br \/>\r\n\r\n    Ignoriert sie und klickt keinesfalls auf die angegebenen Links.<br \/>\r\n    Gibt eure Daten nicht auf externen Webseiten ein.<br \/>\r\n    Meldet den Nutzer \u2013 wir werden den Fall so schnell wie m\u00f6glich pr\u00fcfen.<br \/><br \/>\r\n\r\n\ud83d\udd12 Eure Sicherheit hat f\u00fcr uns h\u00f6chste Priorit\u00e4t. Bleibt aufmerksam und nutzt ausschlie\u00dflich offizielle Kommunikationskan\u00e4le!\t\t\t\t\t\t  <\/div>\r\n\t\t\t\t\t\t<\/div>\r\n\t\t\t\t\t<\/div>\r\n\t\t\t\t\t<!-- Inner panel End -->\r\n\t\t\t\t\t\r\n\t\t\t\t\t\t\t<\/div>\r\n\t\t\t\r\n<script type=\"text\/javascript\">\r\n\t\r\n\t\tfunction do_resize(){\r\n\r\n\t\t\tvar width=jQuery( '.wpsm_panel .wpsm_panel-body iframe' ).width();\r\n\t\t\tvar height=jQuery( '.wpsm_panel .wpsm_panel-body iframe' ).height();\r\n\r\n\t\t\tvar toggleSize = true;\r\n\t\t\tjQuery('iframe').animate({\r\n\t\t\t    width: toggleSize ? width : 640,\r\n\t\t\t    height: toggleSize ? height : 360\r\n\t\t\t  }, 250);\r\n\r\n\t\t\t  toggleSize = !toggleSize;\r\n\t\t}\r\n\t\t\r\n<\/script>","protected":false},"excerpt":{"rendered":"","protected":false},"author":1,"featured_media":0,"parent":0,"menu_order":0,"comment_status":"closed","ping_status":"closed","template":"","meta":{"footnotes":""},"class_list":["post-52","page","type-page","status-publish","hentry"],"yoast_head":"<!-- This site is optimized with the Yoast SEO plugin v24.5 - https:\/\/yoast.com\/wordpress\/plugins\/seo\/ -->\n<title>Betrugsberichte, Sicherheit &amp; Regeln | Wellkauf Hilfe-Center<\/title>\n<meta name=\"description\" content=\"Bleiben Sie sicher auf Wellkauf: Betrug melden, Betrugsversuche vermeiden, Regeln beachten und verbotene Artikel pr\u00fcfen. Ihre Sicherheit z\u00e4hlt.\" \/>\n<meta name=\"robots\" content=\"index, follow, max-snippet:-1, max-image-preview:large, max-video-preview:-1\" \/>\n<link rel=\"canonical\" href=\"https:\/\/blog.wellkauf.com\/de\/category-safety-and-rules\/\" \/>\n<meta property=\"og:locale\" content=\"de_DE\" \/>\n<meta property=\"og:type\" content=\"article\" \/>\n<meta property=\"og:title\" content=\"Betrugsberichte, Sicherheit &amp; Regeln | Wellkauf Hilfe-Center\" \/>\n<meta property=\"og:description\" content=\"Bleiben Sie sicher auf Wellkauf: Betrug melden, Betrugsversuche vermeiden, Regeln beachten und verbotene Artikel pr\u00fcfen. Ihre Sicherheit z\u00e4hlt.\" \/>\n<meta property=\"og:url\" content=\"https:\/\/blog.wellkauf.com\/de\/category-safety-and-rules\/\" \/>\n<meta property=\"og:site_name\" content=\"Wellkauf Hilfe-Center\" \/>\n<meta property=\"article:modified_time\" content=\"2025-07-02T07:53:36+00:00\" \/>\n<meta name=\"twitter:card\" content=\"summary_large_image\" \/>\n<meta name=\"twitter:label1\" content=\"Est. reading time\" \/>\n\t<meta name=\"twitter:data1\" content=\"1 Minute\" \/>\n<script type=\"application\/ld+json\" class=\"yoast-schema-graph\">{\"@context\":\"https:\/\/schema.org\",\"@graph\":[{\"@type\":\"WebPage\",\"@id\":\"https:\/\/blog.wellkauf.com\/category-safety-and-rules\/\",\"url\":\"https:\/\/blog.wellkauf.com\/category-safety-and-rules\/\",\"name\":\"Betrugsberichte, Sicherheit & Regeln | Wellkauf Hilfe-Center\",\"isPartOf\":{\"@id\":\"https:\/\/blog.wellkauf.com\/#website\"},\"datePublished\":\"2024-10-07T08:09:22+00:00\",\"dateModified\":\"2025-07-02T07:53:36+00:00\",\"description\":\"Bleiben Sie sicher auf Wellkauf: Betrug melden, Betrugsversuche vermeiden, Regeln beachten und verbotene Artikel pr\u00fcfen. Ihre Sicherheit z\u00e4hlt.\",\"breadcrumb\":{\"@id\":\"https:\/\/blog.wellkauf.com\/category-safety-and-rules\/#breadcrumb\"},\"inLanguage\":\"de-DE\",\"potentialAction\":[{\"@type\":\"ReadAction\",\"target\":[\"https:\/\/blog.wellkauf.com\/category-safety-and-rules\/\"]}]},{\"@type\":\"BreadcrumbList\",\"@id\":\"https:\/\/blog.wellkauf.com\/category-safety-and-rules\/#breadcrumb\",\"itemListElement\":[{\"@type\":\"ListItem\",\"position\":1,\"name\":\"Home\",\"item\":\"https:\/\/blog.wellkauf.com\/\"},{\"@type\":\"ListItem\",\"position\":2,\"name\":\"Category \u201cSafety and Rules\u201d\"}]},{\"@type\":\"WebSite\",\"@id\":\"https:\/\/blog.wellkauf.com\/#website\",\"url\":\"https:\/\/blog.wellkauf.com\/\",\"name\":\"Wellkauf Hilfe-Center\",\"description\":\"\",\"potentialAction\":[{\"@type\":\"SearchAction\",\"target\":{\"@type\":\"EntryPoint\",\"urlTemplate\":\"https:\/\/blog.wellkauf.com\/?s={search_term_string}\"},\"query-input\":{\"@type\":\"PropertyValueSpecification\",\"valueRequired\":true,\"valueName\":\"search_term_string\"}}],\"inLanguage\":\"de-DE\"}]}<\/script>\n<!-- \/ Yoast SEO plugin. -->","yoast_head_json":{"title":"Betrugsberichte, Sicherheit & Regeln | Wellkauf Hilfe-Center","description":"Bleiben Sie sicher auf Wellkauf: Betrug melden, Betrugsversuche vermeiden, Regeln beachten und verbotene Artikel pr\u00fcfen. Ihre Sicherheit z\u00e4hlt.","robots":{"index":"index","follow":"follow","max-snippet":"max-snippet:-1","max-image-preview":"max-image-preview:large","max-video-preview":"max-video-preview:-1"},"canonical":"https:\/\/blog.wellkauf.com\/de\/category-safety-and-rules\/","og_locale":"de_DE","og_type":"article","og_title":"Betrugsberichte, Sicherheit & Regeln | Wellkauf Hilfe-Center","og_description":"Bleiben Sie sicher auf Wellkauf: Betrug melden, Betrugsversuche vermeiden, Regeln beachten und verbotene Artikel pr\u00fcfen. Ihre Sicherheit z\u00e4hlt.","og_url":"https:\/\/blog.wellkauf.com\/de\/category-safety-and-rules\/","og_site_name":"Wellkauf Hilfe-Center","article_modified_time":"2025-07-02T07:53:36+00:00","twitter_card":"summary_large_image","twitter_misc":{"Est. reading time":"1 Minute"},"schema":{"@context":"https:\/\/schema.org","@graph":[{"@type":"WebPage","@id":"https:\/\/blog.wellkauf.com\/category-safety-and-rules\/","url":"https:\/\/blog.wellkauf.com\/category-safety-and-rules\/","name":"Betrugsberichte, Sicherheit & Regeln | Wellkauf Hilfe-Center","isPartOf":{"@id":"https:\/\/blog.wellkauf.com\/#website"},"datePublished":"2024-10-07T08:09:22+00:00","dateModified":"2025-07-02T07:53:36+00:00","description":"Bleiben Sie sicher auf Wellkauf: Betrug melden, Betrugsversuche vermeiden, Regeln beachten und verbotene Artikel pr\u00fcfen. Ihre Sicherheit z\u00e4hlt.","breadcrumb":{"@id":"https:\/\/blog.wellkauf.com\/category-safety-and-rules\/#breadcrumb"},"inLanguage":"de-DE","potentialAction":[{"@type":"ReadAction","target":["https:\/\/blog.wellkauf.com\/category-safety-and-rules\/"]}]},{"@type":"BreadcrumbList","@id":"https:\/\/blog.wellkauf.com\/category-safety-and-rules\/#breadcrumb","itemListElement":[{"@type":"ListItem","position":1,"name":"Home","item":"https:\/\/blog.wellkauf.com\/"},{"@type":"ListItem","position":2,"name":"Category \u201cSafety and Rules\u201d"}]},{"@type":"WebSite","@id":"https:\/\/blog.wellkauf.com\/#website","url":"https:\/\/blog.wellkauf.com\/","name":"Wellkauf Hilfe-Center","description":"","potentialAction":[{"@type":"SearchAction","target":{"@type":"EntryPoint","urlTemplate":"https:\/\/blog.wellkauf.com\/?s={search_term_string}"},"query-input":{"@type":"PropertyValueSpecification","valueRequired":true,"valueName":"search_term_string"}}],"inLanguage":"de-DE"}]}},"_links":{"self":[{"href":"https:\/\/blog.wellkauf.com\/de\/wp-json\/wp\/v2\/pages\/52","targetHints":{"allow":["GET"]}}],"collection":[{"href":"https:\/\/blog.wellkauf.com\/de\/wp-json\/wp\/v2\/pages"}],"about":[{"href":"https:\/\/blog.wellkauf.com\/de\/wp-json\/wp\/v2\/types\/page"}],"author":[{"embeddable":true,"href":"https:\/\/blog.wellkauf.com\/de\/wp-json\/wp\/v2\/users\/1"}],"replies":[{"embeddable":true,"href":"https:\/\/blog.wellkauf.com\/de\/wp-json\/wp\/v2\/comments?post=52"}],"version-history":[{"count":1,"href":"https:\/\/blog.wellkauf.com\/de\/wp-json\/wp\/v2\/pages\/52\/revisions"}],"predecessor-version":[{"id":53,"href":"https:\/\/blog.wellkauf.com\/de\/wp-json\/wp\/v2\/pages\/52\/revisions\/53"}],"wp:attachment":[{"href":"https:\/\/blog.wellkauf.com\/de\/wp-json\/wp\/v2\/media?parent=52"}],"curies":[{"name":"wp","href":"https:\/\/api.w.org\/{rel}","templated":true}]}}