{"id":54,"date":"2024-10-07T08:09:49","date_gmt":"2024-10-07T08:09:49","guid":{"rendered":"https:\/\/blog.wellkauf.com\/?page_id=54"},"modified":"2025-07-02T07:54:04","modified_gmt":"2025-07-02T07:54:04","slug":"category-payment-and-promotions","status":"publish","type":"page","link":"https:\/\/blog.wellkauf.com\/en\/category-payment-and-promotions\/","title":{"rendered":"Category \u201cPayment and Promotions\u201d"},"content":{"rendered":"\t\t\t\t\t\t<style>\r\n\t\t\t\t<style>\r\n#wpsm_accordion_35 .wpsm_panel-heading{\r\n\tpadding:0px !important;\r\n}\r\n#wpsm_accordion_35 .wpsm_panel-title {\r\n\tmargin:0px !important; \r\n\ttext-transform:none !important;\r\n\tline-height: 1 !important;\r\n}\r\n#wpsm_accordion_35 .wpsm_panel-title a{\r\n\ttext-decoration:none;\r\n\toverflow:hidden;\r\n\tdisplay:block;\r\n\tpadding:0px;\r\n\tfont-size: 18px !important;\r\n\tfont-family: Open Sans !important;\r\n\tcolor:#ffffff !important;\r\n\tborder-bottom:0px !important;\r\n}\r\n\r\n#wpsm_accordion_35 .wpsm_panel-title a:focus {\r\noutline: 0px !important;\r\n}\r\n\r\n#wpsm_accordion_35 .wpsm_panel-title a:hover, #wpsm_accordion_35 .wpsm_panel-title a:focus {\r\n\tcolor:#ffffff !important;\r\n}\r\n#wpsm_accordion_35 .acc-a{\r\n\tcolor: #ffffff !important;\r\n\tbackground-color:#548dd4 !important;\r\n\tborder-color: #ddd;\r\n}\r\n#wpsm_accordion_35 .wpsm_panel-default > .wpsm_panel-heading{\r\n\tcolor: #ffffff !important;\r\n\tbackground-color: #548dd4 !important;\r\n\tborder-color: #548dd4 !important;\r\n\tborder-top-left-radius: 0px;\r\n\tborder-top-right-radius: 0px;\r\n}\r\n#wpsm_accordion_35 .wpsm_panel-default {\r\n\t\tborder:1px solid transparent !important;\r\n\t}\r\n#wpsm_accordion_35 {\r\n\tmargin-bottom: 20px;\r\n\toverflow: hidden;\r\n\tfloat: none;\r\n\twidth: 100%;\r\n\tdisplay: block;\r\n}\r\n#wpsm_accordion_35 .ac_title_class{\r\n\tdisplay: block;\r\n\tpadding-top: 12px;\r\n\tpadding-bottom: 12px;\r\n\tpadding-left: 15px;\r\n\tpadding-right: 15px;\r\n}\r\n#wpsm_accordion_35  .wpsm_panel {\r\n\toverflow:hidden;\r\n\t-webkit-box-shadow: 0 0px 0px rgba(0, 0, 0, .05);\r\n\tbox-shadow: 0 0px 0px rgba(0, 0, 0, .05);\r\n\t\tborder-radius: 4px;\r\n\t}\r\n#wpsm_accordion_35  .wpsm_panel + .wpsm_panel {\r\n\t\tmargin-top: 5px;\r\n\t}\r\n#wpsm_accordion_35  .wpsm_panel-body{\r\n\tbackground-color:transparent !important;\r\n\tcolor:inherit !important;\r\n\tborder-top-color: #548dd4 !important;\r\n\tfont-size:16px !important;\r\n\tfont-family: Open Sans !important;\r\n\toverflow: hidden;\r\n\t\tborder: 2px solid #548dd4 !important;\r\n\t}\r\n\r\n#wpsm_accordion_35 .ac_open_cl_icon{\r\n\tbackground-color:#548dd4 !important;\r\n\tcolor: #ffffff !important;\r\n\tfloat:right !important;\r\n\tpadding-top: 12px !important;\r\n\tpadding-bottom: 12px !important;\r\n\tline-height: 1.0 !important;\r\n\tpadding-left: 15px !important;\r\n\tpadding-right: 15px !important;\r\n\tdisplay: inline-block !important;\r\n}\r\n\r\n\t\t\t\r\n\t\t\t<\/style>\t\r\n\t\t\t<\/style>\r\n\t\t\t<div class=\"wpsm_panel-group\" id=\"wpsm_accordion_35\" >\r\n\t\t\t\t\t\t\t\t\r\n\t\t\t\t\t<!-- Inner panel Start -->\r\n\t\t\t\t\t<div class=\"wpsm_panel wpsm_panel-default\">\r\n\t\t\t\t\t\t<div class=\"wpsm_panel-heading\" role=\"tab\" >\r\n\t\t\t\t\t\t  <h4 class=\"wpsm_panel-title\">\r\n\t\t\t\t\t\t\t<a  class=\"\"  data-toggle=\"collapse\" data-parent=\"\" href=\"javascript:void(0)\" data-target=\"#ac_35_collapse1\" onclick=\"do_resize()\">\r\n\t\t\t\t\t\t\t\t\t\t\t\t\t\t\t\t\t<span class=\"ac_open_cl_icon fa fa-minus\"><\/span>\r\n\t\t\t\t\t\t\t\t\t\r\n\t\t\t\t\t\t\t\t \r\n\t\t\t\t\t\t\t\t<span class=\"ac_title_class\">\r\n\t\t\t\t\t\t\t\t\t1. What payment methods are available?\t\t\t\t\t\t\t\t<\/span>\r\n\t\t\t\t\t\t\t<\/a>\r\n\t\t\t\t\t\t  <\/h4>\r\n\t\t\t\t\t\t<\/div>\r\n\t\t\t\t\t\t<div id=\"ac_35_collapse1\" class=\"wpsm_panel-collapse collapse in\"  >\r\n\t\t\t\t\t\t  <div class=\"wpsm_panel-body\">\r\n\t\t\t\t\t\t\tYou can pay for services on the platform using several payment methods, including bank cards, online payment systems, and mobile payments. \t\t\t\t\t\t  <\/div>\r\n\t\t\t\t\t\t<\/div>\r\n\t\t\t\t\t<\/div>\r\n\t\t\t\t\t<!-- Inner panel End -->\r\n\t\t\t\t\t\r\n\t\t\t\t\t\t\t\t\r\n\t\t\t\t\t<!-- Inner panel Start -->\r\n\t\t\t\t\t<div class=\"wpsm_panel wpsm_panel-default\">\r\n\t\t\t\t\t\t<div class=\"wpsm_panel-heading\" role=\"tab\" >\r\n\t\t\t\t\t\t  <h4 class=\"wpsm_panel-title\">\r\n\t\t\t\t\t\t\t<a  class=\"collapsed\"  data-toggle=\"collapse\" data-parent=\"\" href=\"javascript:void(0)\" data-target=\"#ac_35_collapse2\" onclick=\"do_resize()\">\r\n\t\t\t\t\t\t\t\t\t\t\t\t\t\t\t\t\t<span class=\"ac_open_cl_icon fa fa-plus\"><\/span>\r\n\t\t\t\t\t\t\t\t\t\r\n\t\t\t\t\t\t\t\t \r\n\t\t\t\t\t\t\t\t<span class=\"ac_title_class\">\r\n\t\t\t\t\t\t\t\t\t2. How do I pay for a promotion?\t\t\t\t\t\t\t\t<\/span>\r\n\t\t\t\t\t\t\t<\/a>\r\n\t\t\t\t\t\t  <\/h4>\r\n\t\t\t\t\t\t<\/div>\r\n\t\t\t\t\t\t<div id=\"ac_35_collapse2\" class=\"wpsm_panel-collapse collapse \"  >\r\n\t\t\t\t\t\t  <div class=\"wpsm_panel-body\">\r\n\t\t\t\t\t\t\tAfter selecting a promotion option, you\u2019ll be prompted to choose a payment method. Once payment is confirmed, the promotion will take effect immediately, and your ad will appear in the selected areas.\t\t\t\t\t\t  <\/div>\r\n\t\t\t\t\t\t<\/div>\r\n\t\t\t\t\t<\/div>\r\n\t\t\t\t\t<!-- Inner panel End -->\r\n\t\t\t\t\t\r\n\t\t\t\t\t\t\t\t\r\n\t\t\t\t\t<!-- Inner panel Start -->\r\n\t\t\t\t\t<div class=\"wpsm_panel wpsm_panel-default\">\r\n\t\t\t\t\t\t<div class=\"wpsm_panel-heading\" role=\"tab\" >\r\n\t\t\t\t\t\t  <h4 class=\"wpsm_panel-title\">\r\n\t\t\t\t\t\t\t<a  class=\"collapsed\"  data-toggle=\"collapse\" data-parent=\"\" href=\"javascript:void(0)\" data-target=\"#ac_35_collapse3\" onclick=\"do_resize()\">\r\n\t\t\t\t\t\t\t\t\t\t\t\t\t\t\t\t\t<span class=\"ac_open_cl_icon fa fa-plus\"><\/span>\r\n\t\t\t\t\t\t\t\t\t\r\n\t\t\t\t\t\t\t\t \r\n\t\t\t\t\t\t\t\t<span class=\"ac_title_class\">\r\n\t\t\t\t\t\t\t\t\t3. Can I get a refund for a paid promotion?\t\t\t\t\t\t\t\t<\/span>\r\n\t\t\t\t\t\t\t<\/a>\r\n\t\t\t\t\t\t  <\/h4>\r\n\t\t\t\t\t\t<\/div>\r\n\t\t\t\t\t\t<div id=\"ac_35_collapse3\" class=\"wpsm_panel-collapse collapse \"  >\r\n\t\t\t\t\t\t  <div class=\"wpsm_panel-body\">\r\n\t\t\t\t\t\t\tAny user can cancel paid promotion before its expiration date. A recalculation and refund will be issued for the paid promotions. If you have any questions, please contact Wellkauf support.\t\t\t\t\t\t  <\/div>\r\n\t\t\t\t\t\t<\/div>\r\n\t\t\t\t\t<\/div>\r\n\t\t\t\t\t<!-- Inner panel End -->\r\n\t\t\t\t\t\r\n\t\t\t\t\t\t\t\t\r\n\t\t\t\t\t<!-- Inner panel Start -->\r\n\t\t\t\t\t<div class=\"wpsm_panel wpsm_panel-default\">\r\n\t\t\t\t\t\t<div class=\"wpsm_panel-heading\" role=\"tab\" >\r\n\t\t\t\t\t\t  <h4 class=\"wpsm_panel-title\">\r\n\t\t\t\t\t\t\t<a  class=\"collapsed\"  data-toggle=\"collapse\" data-parent=\"\" href=\"javascript:void(0)\" data-target=\"#ac_35_collapse4\" onclick=\"do_resize()\">\r\n\t\t\t\t\t\t\t\t\t\t\t\t\t\t\t\t\t<span class=\"ac_open_cl_icon fa fa-plus\"><\/span>\r\n\t\t\t\t\t\t\t\t\t\r\n\t\t\t\t\t\t\t\t \r\n\t\t\t\t\t\t\t\t<span class=\"ac_title_class\">\r\n\t\t\t\t\t\t\t\t\t4. What should I do if my payment didn&#039;t go through?\t\t\t\t\t\t\t\t<\/span>\r\n\t\t\t\t\t\t\t<\/a>\r\n\t\t\t\t\t\t  <\/h4>\r\n\t\t\t\t\t\t<\/div>\r\n\t\t\t\t\t\t<div id=\"ac_35_collapse4\" class=\"wpsm_panel-collapse collapse \"  >\r\n\t\t\t\t\t\t  <div class=\"wpsm_panel-body\">\r\n\t\t\t\t\t\t\tIf your payment didn\u2019t go through, check that your bank card details are correct or try another payment method. If the issue persists, contact your bank or our customer support team.\t\t\t\t\t\t  <\/div>\r\n\t\t\t\t\t\t<\/div>\r\n\t\t\t\t\t<\/div>\r\n\t\t\t\t\t<!-- Inner panel End -->\r\n\t\t\t\t\t\r\n\t\t\t\t\t\t\t<\/div>\r\n\t\t\t\r\n<script type=\"text\/javascript\">\r\n\t\r\n\t\tfunction do_resize(){\r\n\r\n\t\t\tvar width=jQuery( '.wpsm_panel .wpsm_panel-body iframe' ).width();\r\n\t\t\tvar height=jQuery( '.wpsm_panel .wpsm_panel-body iframe' ).height();\r\n\r\n\t\t\tvar toggleSize = true;\r\n\t\t\tjQuery('iframe').animate({\r\n\t\t\t    width: toggleSize ? width : 640,\r\n\t\t\t    height: toggleSize ? height : 360\r\n\t\t\t  }, 250);\r\n\r\n\t\t\t  toggleSize = !toggleSize;\r\n\t\t}\r\n\t\t\r\n<\/script>\t\n","protected":false},"excerpt":{"rendered":"","protected":false},"author":1,"featured_media":0,"parent":0,"menu_order":0,"comment_status":"closed","ping_status":"closed","template":"","meta":{"footnotes":""},"class_list":["post-54","page","type-page","status-publish","hentry"],"yoast_head":"<!-- This site is optimized with the Yoast SEO plugin v24.5 - https:\/\/yoast.com\/wordpress\/plugins\/seo\/ -->\n<title>Promotionen, Zahlungen &amp; R\u00fcckerstattungen | Wellkauf Hilfe-Center<\/title>\n<meta name=\"description\" content=\"Erfahren Sie, wie Sie f\u00fcr Services und Promotionen auf Wellkauf bezahlen, welche Zahlungsmethoden verf\u00fcgbar sind und wie Sie eine R\u00fcckerstattung beantragen.\" \/>\n<meta name=\"robots\" content=\"index, follow, max-snippet:-1, max-image-preview:large, max-video-preview:-1\" \/>\n<link rel=\"canonical\" href=\"https:\/\/blog.wellkauf.com\/en\/category-payment-and-promotions\/\" \/>\n<meta property=\"og:locale\" content=\"en_US\" \/>\n<meta property=\"og:type\" content=\"article\" \/>\n<meta property=\"og:title\" content=\"Promotionen, Zahlungen &amp; R\u00fcckerstattungen | Wellkauf Hilfe-Center\" \/>\n<meta property=\"og:description\" content=\"Erfahren Sie, wie Sie f\u00fcr Services und Promotionen auf Wellkauf bezahlen, welche Zahlungsmethoden verf\u00fcgbar sind und wie Sie eine R\u00fcckerstattung beantragen.\" \/>\n<meta property=\"og:url\" content=\"https:\/\/blog.wellkauf.com\/en\/category-payment-and-promotions\/\" \/>\n<meta property=\"og:site_name\" content=\"Wellkauf Hilfe-Center\" \/>\n<meta property=\"article:modified_time\" content=\"2025-07-02T07:54:04+00:00\" \/>\n<meta name=\"twitter:card\" content=\"summary_large_image\" \/>\n<meta name=\"twitter:label1\" content=\"Est. reading time\" \/>\n\t<meta name=\"twitter:data1\" content=\"1 minute\" \/>\n<script type=\"application\/ld+json\" class=\"yoast-schema-graph\">{\"@context\":\"https:\/\/schema.org\",\"@graph\":[{\"@type\":\"WebPage\",\"@id\":\"https:\/\/blog.wellkauf.com\/category-payment-and-promotions\/\",\"url\":\"https:\/\/blog.wellkauf.com\/category-payment-and-promotions\/\",\"name\":\"Promotionen, Zahlungen & R\u00fcckerstattungen | Wellkauf Hilfe-Center\",\"isPartOf\":{\"@id\":\"https:\/\/blog.wellkauf.com\/#website\"},\"datePublished\":\"2024-10-07T08:09:49+00:00\",\"dateModified\":\"2025-07-02T07:54:04+00:00\",\"description\":\"Erfahren Sie, wie Sie f\u00fcr Services und Promotionen auf Wellkauf bezahlen, welche Zahlungsmethoden verf\u00fcgbar sind und wie Sie eine R\u00fcckerstattung beantragen.\",\"breadcrumb\":{\"@id\":\"https:\/\/blog.wellkauf.com\/category-payment-and-promotions\/#breadcrumb\"},\"inLanguage\":\"en-US\",\"potentialAction\":[{\"@type\":\"ReadAction\",\"target\":[\"https:\/\/blog.wellkauf.com\/category-payment-and-promotions\/\"]}]},{\"@type\":\"BreadcrumbList\",\"@id\":\"https:\/\/blog.wellkauf.com\/category-payment-and-promotions\/#breadcrumb\",\"itemListElement\":[{\"@type\":\"ListItem\",\"position\":1,\"name\":\"Home\",\"item\":\"https:\/\/blog.wellkauf.com\/\"},{\"@type\":\"ListItem\",\"position\":2,\"name\":\"Category \u201cPayment and Promotions\u201d\"}]},{\"@type\":\"WebSite\",\"@id\":\"https:\/\/blog.wellkauf.com\/#website\",\"url\":\"https:\/\/blog.wellkauf.com\/\",\"name\":\"Wellkauf Hilfe-Center\",\"description\":\"\",\"potentialAction\":[{\"@type\":\"SearchAction\",\"target\":{\"@type\":\"EntryPoint\",\"urlTemplate\":\"https:\/\/blog.wellkauf.com\/?s={search_term_string}\"},\"query-input\":{\"@type\":\"PropertyValueSpecification\",\"valueRequired\":true,\"valueName\":\"search_term_string\"}}],\"inLanguage\":\"en-US\"}]}<\/script>\n<!-- \/ Yoast SEO plugin. -->","yoast_head_json":{"title":"Promotionen, Zahlungen & R\u00fcckerstattungen | Wellkauf Hilfe-Center","description":"Erfahren Sie, wie Sie f\u00fcr Services und Promotionen auf Wellkauf bezahlen, welche Zahlungsmethoden verf\u00fcgbar sind und wie Sie eine R\u00fcckerstattung beantragen.","robots":{"index":"index","follow":"follow","max-snippet":"max-snippet:-1","max-image-preview":"max-image-preview:large","max-video-preview":"max-video-preview:-1"},"canonical":"https:\/\/blog.wellkauf.com\/en\/category-payment-and-promotions\/","og_locale":"en_US","og_type":"article","og_title":"Promotionen, Zahlungen & R\u00fcckerstattungen | Wellkauf Hilfe-Center","og_description":"Erfahren Sie, wie Sie f\u00fcr Services und Promotionen auf Wellkauf bezahlen, welche Zahlungsmethoden verf\u00fcgbar sind und wie Sie eine R\u00fcckerstattung beantragen.","og_url":"https:\/\/blog.wellkauf.com\/en\/category-payment-and-promotions\/","og_site_name":"Wellkauf Hilfe-Center","article_modified_time":"2025-07-02T07:54:04+00:00","twitter_card":"summary_large_image","twitter_misc":{"Est. reading time":"1 minute"},"schema":{"@context":"https:\/\/schema.org","@graph":[{"@type":"WebPage","@id":"https:\/\/blog.wellkauf.com\/category-payment-and-promotions\/","url":"https:\/\/blog.wellkauf.com\/category-payment-and-promotions\/","name":"Promotionen, Zahlungen & R\u00fcckerstattungen | Wellkauf Hilfe-Center","isPartOf":{"@id":"https:\/\/blog.wellkauf.com\/#website"},"datePublished":"2024-10-07T08:09:49+00:00","dateModified":"2025-07-02T07:54:04+00:00","description":"Erfahren Sie, wie Sie f\u00fcr Services und Promotionen auf Wellkauf bezahlen, welche Zahlungsmethoden verf\u00fcgbar sind und wie Sie eine R\u00fcckerstattung beantragen.","breadcrumb":{"@id":"https:\/\/blog.wellkauf.com\/category-payment-and-promotions\/#breadcrumb"},"inLanguage":"en-US","potentialAction":[{"@type":"ReadAction","target":["https:\/\/blog.wellkauf.com\/category-payment-and-promotions\/"]}]},{"@type":"BreadcrumbList","@id":"https:\/\/blog.wellkauf.com\/category-payment-and-promotions\/#breadcrumb","itemListElement":[{"@type":"ListItem","position":1,"name":"Home","item":"https:\/\/blog.wellkauf.com\/"},{"@type":"ListItem","position":2,"name":"Category \u201cPayment and Promotions\u201d"}]},{"@type":"WebSite","@id":"https:\/\/blog.wellkauf.com\/#website","url":"https:\/\/blog.wellkauf.com\/","name":"Wellkauf Hilfe-Center","description":"","potentialAction":[{"@type":"SearchAction","target":{"@type":"EntryPoint","urlTemplate":"https:\/\/blog.wellkauf.com\/?s={search_term_string}"},"query-input":{"@type":"PropertyValueSpecification","valueRequired":true,"valueName":"search_term_string"}}],"inLanguage":"en-US"}]}},"_links":{"self":[{"href":"https:\/\/blog.wellkauf.com\/en\/wp-json\/wp\/v2\/pages\/54","targetHints":{"allow":["GET"]}}],"collection":[{"href":"https:\/\/blog.wellkauf.com\/en\/wp-json\/wp\/v2\/pages"}],"about":[{"href":"https:\/\/blog.wellkauf.com\/en\/wp-json\/wp\/v2\/types\/page"}],"author":[{"embeddable":true,"href":"https:\/\/blog.wellkauf.com\/en\/wp-json\/wp\/v2\/users\/1"}],"replies":[{"embeddable":true,"href":"https:\/\/blog.wellkauf.com\/en\/wp-json\/wp\/v2\/comments?post=54"}],"version-history":[{"count":1,"href":"https:\/\/blog.wellkauf.com\/en\/wp-json\/wp\/v2\/pages\/54\/revisions"}],"predecessor-version":[{"id":55,"href":"https:\/\/blog.wellkauf.com\/en\/wp-json\/wp\/v2\/pages\/54\/revisions\/55"}],"wp:attachment":[{"href":"https:\/\/blog.wellkauf.com\/en\/wp-json\/wp\/v2\/media?parent=54"}],"curies":[{"name":"wp","href":"https:\/\/api.w.org\/{rel}","templated":true}]}}